{"id":981,"date":"2019-02-06T23:13:25","date_gmt":"2019-02-06T22:13:25","guid":{"rendered":"https:\/\/carrementcoaching.fr\/?page_id=981"},"modified":"2019-12-09T11:39:38","modified_gmt":"2019-12-09T10:39:38","slug":"faq","status":"publish","type":"page","link":"https:\/\/carrementcoaching.fr\/index.php\/faq\/","title":{"rendered":"FAQ"},"content":{"rendered":"\t\t<div data-elementor-type=\"wp-post\" data-elementor-id=\"981\" class=\"elementor elementor-981\">\n\t\t\t\t\t\t<section class=\"elementor-section elementor-top-section elementor-element elementor-element-ybrx6zd elementor-section-content-middle elementor-section-boxed elementor-section-height-default elementor-section-height-default\" data-id=\"ybrx6zd\" data-element_type=\"section\">\n\t\t\t\t\t\t<div class=\"elementor-container elementor-column-gap-default\">\n\t\t\t\t\t<div class=\"elementor-column elementor-col-100 elementor-top-column elementor-element elementor-element-r7gqrhq\" data-id=\"r7gqrhq\" data-element_type=\"column\">\n\t\t\t<div class=\"elementor-widget-wrap elementor-element-populated\">\n\t\t\t\t\t\t<div class=\"elementor-element elementor-element-b3ab3a4 elementor-widget elementor-widget-heading\" data-id=\"b3ab3a4\" data-element_type=\"widget\" data-widget_type=\"heading.default\">\n\t\t\t\t<div class=\"elementor-widget-container\">\n\t\t\t<h2 class=\"elementor-heading-title elementor-size-default\">Vos principales questions ... <\/h2>\t\t<\/div>\n\t\t\t\t<\/div>\n\t\t\t\t<section class=\"elementor-section elementor-inner-section elementor-element elementor-element-d495da7 elementor-section-boxed elementor-section-height-default elementor-section-height-default\" data-id=\"d495da7\" data-element_type=\"section\">\n\t\t\t\t\t\t<div class=\"elementor-container elementor-column-gap-default\">\n\t\t\t\t\t<div class=\"elementor-column elementor-col-100 elementor-inner-column elementor-element elementor-element-f44f083\" data-id=\"f44f083\" data-element_type=\"column\">\n\t\t\t<div class=\"elementor-widget-wrap elementor-element-populated\">\n\t\t\t\t\t\t<div class=\"elementor-element elementor-element-fff30f0 elementor-widget elementor-widget-image\" data-id=\"fff30f0\" data-element_type=\"widget\" data-widget_type=\"image.default\">\n\t\t\t\t<div class=\"elementor-widget-container\">\n\t\t\t\t\t\t\t\t\t\t\t\t\t<img fetchpriority=\"high\" decoding=\"async\" width=\"1918\" height=\"682\" src=\"https:\/\/carrementcoaching.fr\/wp-content\/uploads\/2019\/12\/pollen-5-couleurs-v2.jpg\" class=\"attachment-full size-full wp-image-1616\" alt=\"5 fleurs de pollen avec 5 couleurs diff\u00e9rentes\" srcset=\"https:\/\/carrementcoaching.fr\/wp-content\/uploads\/2019\/12\/pollen-5-couleurs-v2.jpg 1918w, https:\/\/carrementcoaching.fr\/wp-content\/uploads\/2019\/12\/pollen-5-couleurs-v2-300x107.jpg 300w, https:\/\/carrementcoaching.fr\/wp-content\/uploads\/2019\/12\/pollen-5-couleurs-v2-768x273.jpg 768w, https:\/\/carrementcoaching.fr\/wp-content\/uploads\/2019\/12\/pollen-5-couleurs-v2-1024x364.jpg 1024w, https:\/\/carrementcoaching.fr\/wp-content\/uploads\/2019\/12\/pollen-5-couleurs-v2-600x213.jpg 600w\" sizes=\"(max-width: 1918px) 100vw, 1918px\" \/>\t\t\t\t\t\t\t\t\t\t\t\t\t<\/div>\n\t\t\t\t<\/div>\n\t\t\t\t\t<\/div>\n\t\t<\/div>\n\t\t\t\t\t<\/div>\n\t\t<\/section>\n\t\t\t\t\t<\/div>\n\t\t<\/div>\n\t\t\t\t\t<\/div>\n\t\t<\/section>\n\t\t\t\t<section class=\"elementor-section elementor-top-section elementor-element elementor-element-4f2b11b elementor-section-content-middle elementor-section-stretched elementor-section-full_width elementor-section-height-default elementor-section-height-default\" data-id=\"4f2b11b\" data-element_type=\"section\" data-settings=\"{&quot;stretch_section&quot;:&quot;section-stretched&quot;,&quot;background_background&quot;:&quot;classic&quot;,&quot;shape_divider_top&quot;:&quot;mountains&quot;,&quot;shape_divider_bottom&quot;:&quot;mountains&quot;}\">\n\t\t\t\t\t<div class=\"elementor-shape elementor-shape-top\" data-negative=\"false\">\n\t\t\t<svg xmlns=\"http:\/\/www.w3.org\/2000\/svg\" viewBox=\"0 0 1000 100\" preserveAspectRatio=\"none\">\n\t<path class=\"elementor-shape-fill\" opacity=\"0.33\" d=\"M473,67.3c-203.9,88.3-263.1-34-320.3,0C66,119.1,0,59.7,0,59.7V0h1000v59.7 c0,0-62.1,26.1-94.9,29.3c-32.8,3.3-62.8-12.3-75.8-22.1C806,49.6,745.3,8.7,694.9,4.7S492.4,59,473,67.3z\"\/>\n\t<path class=\"elementor-shape-fill\" opacity=\"0.66\" d=\"M734,67.3c-45.5,0-77.2-23.2-129.1-39.1c-28.6-8.7-150.3-10.1-254,39.1 s-91.7-34.4-149.2,0C115.7,118.3,0,39.8,0,39.8V0h1000v36.5c0,0-28.2-18.5-92.1-18.5C810.2,18.1,775.7,67.3,734,67.3z\"\/>\n\t<path class=\"elementor-shape-fill\" d=\"M766.1,28.9c-200-57.5-266,65.5-395.1,19.5C242,1.8,242,5.4,184.8,20.6C128,35.8,132.3,44.9,89.9,52.5C28.6,63.7,0,0,0,0 h1000c0,0-9.9,40.9-83.6,48.1S829.6,47,766.1,28.9z\"\/>\n<\/svg>\t\t<\/div>\n\t\t\t\t<div class=\"elementor-shape elementor-shape-bottom\" data-negative=\"false\">\n\t\t\t<svg xmlns=\"http:\/\/www.w3.org\/2000\/svg\" viewBox=\"0 0 1000 100\" preserveAspectRatio=\"none\">\n\t<path class=\"elementor-shape-fill\" opacity=\"0.33\" d=\"M473,67.3c-203.9,88.3-263.1-34-320.3,0C66,119.1,0,59.7,0,59.7V0h1000v59.7 c0,0-62.1,26.1-94.9,29.3c-32.8,3.3-62.8-12.3-75.8-22.1C806,49.6,745.3,8.7,694.9,4.7S492.4,59,473,67.3z\"\/>\n\t<path class=\"elementor-shape-fill\" opacity=\"0.66\" d=\"M734,67.3c-45.5,0-77.2-23.2-129.1-39.1c-28.6-8.7-150.3-10.1-254,39.1 s-91.7-34.4-149.2,0C115.7,118.3,0,39.8,0,39.8V0h1000v36.5c0,0-28.2-18.5-92.1-18.5C810.2,18.1,775.7,67.3,734,67.3z\"\/>\n\t<path class=\"elementor-shape-fill\" d=\"M766.1,28.9c-200-57.5-266,65.5-395.1,19.5C242,1.8,242,5.4,184.8,20.6C128,35.8,132.3,44.9,89.9,52.5C28.6,63.7,0,0,0,0 h1000c0,0-9.9,40.9-83.6,48.1S829.6,47,766.1,28.9z\"\/>\n<\/svg>\t\t<\/div>\n\t\t\t\t\t<div class=\"elementor-container elementor-column-gap-default\">\n\t\t\t\t\t<div class=\"elementor-column elementor-col-100 elementor-top-column elementor-element elementor-element-f21f3b8\" data-id=\"f21f3b8\" data-element_type=\"column\">\n\t\t\t<div class=\"elementor-widget-wrap elementor-element-populated\">\n\t\t\t\t\t\t<section class=\"elementor-section elementor-inner-section elementor-element elementor-element-7edb5d2 elementor-section-boxed elementor-section-height-default elementor-section-height-default\" data-id=\"7edb5d2\" data-element_type=\"section\">\n\t\t\t\t\t\t<div class=\"elementor-container elementor-column-gap-default\">\n\t\t\t\t\t<div class=\"elementor-column elementor-col-100 elementor-inner-column elementor-element elementor-element-28db3ee\" data-id=\"28db3ee\" data-element_type=\"column\">\n\t\t\t<div class=\"elementor-widget-wrap elementor-element-populated\">\n\t\t\t\t\t\t<div class=\"elementor-element elementor-element-076cc03 elementor-widget elementor-widget-toggle\" data-id=\"076cc03\" data-element_type=\"widget\" data-widget_type=\"toggle.default\">\n\t\t\t\t<div class=\"elementor-widget-container\">\n\t\t\t\t\t<div class=\"elementor-toggle\">\n\t\t\t\t\t\t\t<div class=\"elementor-toggle-item\">\n\t\t\t\t\t<div id=\"elementor-tab-title-7781\" class=\"elementor-tab-title\" data-tab=\"1\" role=\"button\" aria-controls=\"elementor-tab-content-7781\" aria-expanded=\"false\">\n\t\t\t\t\t\t\t\t\t\t\t\t<span class=\"elementor-toggle-icon elementor-toggle-icon-left\" aria-hidden=\"true\">\n\t\t\t\t\t\t\t\t\t\t\t\t\t\t\t<span class=\"elementor-toggle-icon-closed\"><i class=\"fas fa-caret-right\"><\/i><\/span>\n\t\t\t\t\t\t\t\t<span class=\"elementor-toggle-icon-opened\"><i class=\"elementor-toggle-icon-opened fas fa-caret-up\"><\/i><\/span>\n\t\t\t\t\t\t\t\t\t\t\t\t\t<\/span>\n\t\t\t\t\t\t\t\t\t\t\t\t<a class=\"elementor-toggle-title\" tabindex=\"0\">Qu'est-ce que le coaching ?\u200b<\/a>\n\t\t\t\t\t<\/div>\n\n\t\t\t\t\t<div id=\"elementor-tab-content-7781\" class=\"elementor-tab-content elementor-clearfix\" data-tab=\"1\" role=\"region\" aria-labelledby=\"elementor-tab-title-7781\"><p><em><strong>Avez-vous d\u00e9j\u00e0 renoncer \u00e0 faire quelque chose parce que vous vous \u00eates dit \u00ab\u00a0Je n\u2019en suis pas capable\u00a0\u00bb ?\u00a0Vous \u00eates-vous d\u00e9j\u00e0 senti mal \u00e0 l\u2019aise en entretien ou en r\u00e9union ? Avez-vous d\u00e9j\u00e0 eu des sueurs froides \u00e0 l\u2019id\u00e9e de prendre la parole en public ? Vous \u00eates-vous d\u00e9j\u00e0 demander quel est le sens de votre travail ? pour quelles raisons vous \u00eates content de vous lever le matin ?<\/strong><\/em><\/p><p>\u00a0Nous nous posons tous un jour ce genre de questions. Moi-m\u00eame je me les suis pos\u00e9e.\u00a0<\/p><p>Le Coaching est un\u00a0<strong>accompagnement<\/strong>\u00a0qui vous permet\u00a0<strong>d\u2019atteindre vos\u00a0objectifs, ceux que vous vous \u00eates fix\u00e9s<\/strong>. Par son\u00a0<strong>\u00e9coute<\/strong>, son\u00a0<strong>questionnement pertinent<\/strong>\u00a0et \u00e0 l\u2019aide d\u2019<strong>outils de coaching<\/strong>, le coach vous aide \u00e0\u00a0<strong>prendre du recul et \u00e0 regarder la situation sous des angles diff\u00e9rents<\/strong>.\u00a0<\/p><p><strong>Comme un photographe fait physiquement le tour de son sujet avant de prendre une photo<\/strong>. Il regarde tous les angles de prise de vue possibles et il prend en compte les contraites ext\u00e9rieures (lumi\u00e8re\/ombre, arri\u00e8re-plan, objets parasites, etc.) et les contraintes li\u00e9es \u00e0 son mat\u00e9riel. Puis, en fonction de tous ces param\u00e8tres, il prend une d\u00e9cision et choisit l\u2019angle de vue qui lui semble le plus adapt\u00e9 au message, aux sensations qu\u2019il souhaite faire passer avec sa photo.<\/p><p>Un coach vous permet\u00a0<strong>d\u2019ouvrir votre champ des possibles<\/strong>, et\u00a0<strong>vous prenez la d\u00e9cision qui vous convient le mieux<\/strong>, \u00e0 ce moment-l\u00e0 de votre vie. Vous prenez vos d\u00e9cisions.\u00a0<strong>Qui mieux que vous savez ce qui est bon pour vous !<\/strong><\/p><p>Vous mettez en place un\u00a0<strong>plan d\u2019action<\/strong>\u00a0dans le but d\u2019atteindre votre objectif. Soyez rassur\u00e9, un pas apr\u00e8s l\u2019autre. Vous connaissez s\u00fbrement d\u00e9j\u00e0 la m\u00e9taphore de l\u2019\u00e9l\u00e9phant.<strong>\u00a0Comment mange-t-on un \u00e9l\u00e9phant ? Une bouch\u00e9e \u00e0 la fois.<\/strong>\u00a0Les petits succ\u00e8s font les grandes victoires.<\/p><p>J\u2019aime beaucoup la d\u00e9finition de l\u2019ICF Qu\u00e9bec<\/p><p><strong>\u00ab\u00a0<em>Pour plusieurs, le coaching est une exp\u00e9rience qui change leur vie et qui am\u00e9liore significativement leur perspective sur leur travail et leur vie, tout en am\u00e9liorant leurs habilet\u00e9s de leadership. Le coaching aide les gens \u00e0 puiser dans leur potentiel lib\u00e9rant des sources de cr\u00e9ativit\u00e9 et de productivit\u00e9 jusque l\u00e0 insoup\u00e7onn\u00e9es.\u00a0\u00bb<\/em><\/strong><\/p><\/div>\n\t\t\t\t<\/div>\n\t\t\t\t\t\t\t<div class=\"elementor-toggle-item\">\n\t\t\t\t\t<div id=\"elementor-tab-title-7782\" class=\"elementor-tab-title\" data-tab=\"2\" role=\"button\" aria-controls=\"elementor-tab-content-7782\" aria-expanded=\"false\">\n\t\t\t\t\t\t\t\t\t\t\t\t<span class=\"elementor-toggle-icon elementor-toggle-icon-left\" aria-hidden=\"true\">\n\t\t\t\t\t\t\t\t\t\t\t\t\t\t\t<span class=\"elementor-toggle-icon-closed\"><i class=\"fas fa-caret-right\"><\/i><\/span>\n\t\t\t\t\t\t\t\t<span class=\"elementor-toggle-icon-opened\"><i class=\"elementor-toggle-icon-opened fas fa-caret-up\"><\/i><\/span>\n\t\t\t\t\t\t\t\t\t\t\t\t\t<\/span>\n\t\t\t\t\t\t\t\t\t\t\t\t<a class=\"elementor-toggle-title\" tabindex=\"0\">Qu'est-ce que n'est pas le coaching ?\u200b<\/a>\n\t\t\t\t\t<\/div>\n\n\t\t\t\t\t<div id=\"elementor-tab-content-7782\" class=\"elementor-tab-content elementor-clearfix\" data-tab=\"2\" role=\"region\" aria-labelledby=\"elementor-tab-title-7782\"><p>Le<strong>\u00a0coaching n&rsquo;est ni de la formation, ni du conseil, ni du mentoring.\u00a0<\/strong><\/p><p><strong>Le coaching est un<\/strong>\u00a0<strong>accompagnement<\/strong>. Par son questionnement, ses feedbacks, son \u00e9coute, son non-jugement, le coach permet \u00e0 la personne coach\u00e9e de prendre du recul face \u00e0 la situation, et de prendre ses d\u00e9cisions et faire ses choix, en tenant compte de ses contraintes et de ce qui est bon pour elle.\u00a0<\/p><p><strong>Un coach n&rsquo;est donc pas un \u00ab\u00a0expert qui donne des conseils et la solution\u00a0\u00bb.<\/strong>\u00a0<\/p><p>Un coach est un expert en accompagnement coaching, c&rsquo;est-\u00e0-dire un expert dans le processus de coaching. Il met en oeuvre ses comp\u00e9tences d&rsquo;\u00e9coute, de questionnement pertinent et de communication directe et indirecte, et met en place une relation de confiance bas\u00e9e sur la confidentialit\u00e9.\u00a0<\/p><p>Un coach est pr\u00e9sent dans la mise en place de vos d\u00e9cisions, qui peuvent \u00eatre \u00e0 l&rsquo;origine de quelques changements comportementaux ou organisationnels. Vous pouvez vous sentir dans une zone d&rsquo;inconfort, le temps de vous habituer \u00e0 ces changements. Votre coach est pr\u00e9sent dans ces moments comme soutien.\u00a0<\/p><p>Restez rassur\u00e9.e, ce sont de petits changements \u00e0 la fois. Et c&rsquo;est vous qui d\u00e9cidez de vos changements.\u00a0<\/p><\/div>\n\t\t\t\t<\/div>\n\t\t\t\t\t\t\t<div class=\"elementor-toggle-item\">\n\t\t\t\t\t<div id=\"elementor-tab-title-7783\" class=\"elementor-tab-title\" data-tab=\"3\" role=\"button\" aria-controls=\"elementor-tab-content-7783\" aria-expanded=\"false\">\n\t\t\t\t\t\t\t\t\t\t\t\t<span class=\"elementor-toggle-icon elementor-toggle-icon-left\" aria-hidden=\"true\">\n\t\t\t\t\t\t\t\t\t\t\t\t\t\t\t<span class=\"elementor-toggle-icon-closed\"><i class=\"fas fa-caret-right\"><\/i><\/span>\n\t\t\t\t\t\t\t\t<span class=\"elementor-toggle-icon-opened\"><i class=\"elementor-toggle-icon-opened fas fa-caret-up\"><\/i><\/span>\n\t\t\t\t\t\t\t\t\t\t\t\t\t<\/span>\n\t\t\t\t\t\t\t\t\t\t\t\t<a class=\"elementor-toggle-title\" tabindex=\"0\">Qu'est-ce que le CLEEN (Coaching de Lib\u00e9ration des Empreintes Emotionnelles N\u00e9gatives?)\u200b<\/a>\n\t\t\t\t\t<\/div>\n\n\t\t\t\t\t<div id=\"elementor-tab-content-7783\" class=\"elementor-tab-content elementor-clearfix\" data-tab=\"3\" role=\"region\" aria-labelledby=\"elementor-tab-title-7783\"><p>Au quotidien, dans certaines situations, nous avons des \u00e9motions qui nous polluent la vie. Ces \u00e9motions nous emp\u00eachent d&rsquo;agir comme on le voudrait.\u00a0<\/p><p>Vous \u00eates-vous d\u00e9j\u00e0 dit \u00ab\u00a0<strong>C&rsquo;est plus fort que moi. Je ne sais pas pourquoi je r\u00e9agis comme \u00e7a<\/strong>\u00ab\u00a0. Cela \u00e9chappe \u00e0 notre volont\u00e9, et nous agissons automatiquement.\u00a0<\/p><p><strong>Pourquoi ? Parce que nous n&rsquo;avons pas laiss\u00e9 s&rsquo;exprimer l&rsquo;\u00e9motion n\u00e9gative et les sensations physiques associ\u00e9es<\/strong>. A chaque fois que la situation se reproduit, cela r\u00e9active l&rsquo;\u00e9motion.\u00a0<\/p><p>Dans notre soci\u00e9t\u00e9 actuelle, nous contr\u00f4lons nos \u00e9motions et surtout nous les faisons taire.\u00a0<strong>Le coaching bref de lib\u00e9ration des empreintes \u00e9motionnelles n\u00e9gatives permet d&rsquo;accepter les \u00e9motions et les sentations physiques associ\u00e9es, et de les laisser s&rsquo;exprimer dans un cadre.\u00a0<\/strong><\/p><p><strong>Attention, accepter les \u00e9motions et les laisser s&rsquo;exprimer ne signifie pas se laisser d\u00e9border par ses \u00e9motions. Car l&rsquo;objectif est de se d\u00e9barraser des effets n\u00e9gatifs de ces empreintes \u00e9motionelles.<\/strong><\/p><p>L&rsquo;\u00e9motion peut \u00eatre une peur ou une phobie, une addiction (tabac, grignottage, sucre, etc.), le stress, la col\u00e8re, la frustration, sentiment d&rsquo;abandon, etc.\u00a0<\/p><\/div>\n\t\t\t\t<\/div>\n\t\t\t\t\t\t\t<div class=\"elementor-toggle-item\">\n\t\t\t\t\t<div id=\"elementor-tab-title-7784\" class=\"elementor-tab-title\" data-tab=\"4\" role=\"button\" aria-controls=\"elementor-tab-content-7784\" aria-expanded=\"false\">\n\t\t\t\t\t\t\t\t\t\t\t\t<span class=\"elementor-toggle-icon elementor-toggle-icon-left\" aria-hidden=\"true\">\n\t\t\t\t\t\t\t\t\t\t\t\t\t\t\t<span class=\"elementor-toggle-icon-closed\"><i class=\"fas fa-caret-right\"><\/i><\/span>\n\t\t\t\t\t\t\t\t<span class=\"elementor-toggle-icon-opened\"><i class=\"elementor-toggle-icon-opened fas fa-caret-up\"><\/i><\/span>\n\t\t\t\t\t\t\t\t\t\t\t\t\t<\/span>\n\t\t\t\t\t\t\t\t\t\t\t\t<a class=\"elementor-toggle-title\" tabindex=\"0\">Le coaching : pour qui ?\u200b<\/a>\n\t\t\t\t\t<\/div>\n\n\t\t\t\t\t<div id=\"elementor-tab-content-7784\" class=\"elementor-tab-content elementor-clearfix\" data-tab=\"4\" role=\"region\" aria-labelledby=\"elementor-tab-title-7784\"><p><strong>Le coaching est ouvert \u00e0 tout.e.s.\u00a0<\/strong><\/p><p>Que vous soyez salari\u00e9.e, \u00e9tudiant.e, en recherche d&#8217;emploi, entrepreneur, sportif.ve, musicien.e, danseur.se, com\u00e9dien.ne, c\u00e9libataire, en couple, en cong\u00e9s parental, parents, adolescents, enfants (seulement pour le coaching bref de lib\u00e9ration des empreintes \u00e9motionnelles n\u00e9gatives &#8211; \u00e0 partir de 8 ans) , etc.<\/p><p>Si vous avez une peur ou une phobie qui vous pollue la vie, si vous avez envie d&rsquo;arr\u00eater de fumer, si une \u00e9motion vous paralyse ou au contraire vous fait r\u00e9agir de mani\u00e8re impulsive,\u00a0<\/p><p>Si vous avez un r\u00eave, un projet, un objectif (professionnel ou personnel) et que vous souhaitez \u00eatre accompagn\u00e9, etc.<\/p><\/div>\n\t\t\t\t<\/div>\n\t\t\t\t\t\t\t<div class=\"elementor-toggle-item\">\n\t\t\t\t\t<div id=\"elementor-tab-title-7785\" class=\"elementor-tab-title\" data-tab=\"5\" role=\"button\" aria-controls=\"elementor-tab-content-7785\" aria-expanded=\"false\">\n\t\t\t\t\t\t\t\t\t\t\t\t<span class=\"elementor-toggle-icon elementor-toggle-icon-left\" aria-hidden=\"true\">\n\t\t\t\t\t\t\t\t\t\t\t\t\t\t\t<span class=\"elementor-toggle-icon-closed\"><i class=\"fas fa-caret-right\"><\/i><\/span>\n\t\t\t\t\t\t\t\t<span class=\"elementor-toggle-icon-opened\"><i class=\"elementor-toggle-icon-opened fas fa-caret-up\"><\/i><\/span>\n\t\t\t\t\t\t\t\t\t\t\t\t\t<\/span>\n\t\t\t\t\t\t\t\t\t\t\t\t<a class=\"elementor-toggle-title\" tabindex=\"0\">Les rendez-vous sont-ils confidentiels ?\u200b<\/a>\n\t\t\t\t\t<\/div>\n\n\t\t\t\t\t<div id=\"elementor-tab-content-7785\" class=\"elementor-tab-content elementor-clearfix\" data-tab=\"5\" role=\"region\" aria-labelledby=\"elementor-tab-title-7785\"><p>Oui, Bien s\u00fbr. Tous les \u00e9changes en rendez-vous sont confidentiels.\u00a0<\/p><p>La confidentialit\u00e9 est une composante du code de d\u00e9ontologie des coachs. Pour moi, la confidentialit\u00e9 fait partie du m\u00e9tier de coach.\u00a0<\/p><\/div>\n\t\t\t\t<\/div>\n\t\t\t\t\t\t\t<div class=\"elementor-toggle-item\">\n\t\t\t\t\t<div id=\"elementor-tab-title-7786\" class=\"elementor-tab-title\" data-tab=\"6\" role=\"button\" aria-controls=\"elementor-tab-content-7786\" aria-expanded=\"false\">\n\t\t\t\t\t\t\t\t\t\t\t\t<span class=\"elementor-toggle-icon elementor-toggle-icon-left\" aria-hidden=\"true\">\n\t\t\t\t\t\t\t\t\t\t\t\t\t\t\t<span class=\"elementor-toggle-icon-closed\"><i class=\"fas fa-caret-right\"><\/i><\/span>\n\t\t\t\t\t\t\t\t<span class=\"elementor-toggle-icon-opened\"><i class=\"elementor-toggle-icon-opened fas fa-caret-up\"><\/i><\/span>\n\t\t\t\t\t\t\t\t\t\t\t\t\t<\/span>\n\t\t\t\t\t\t\t\t\t\t\t\t<a class=\"elementor-toggle-title\" tabindex=\"0\">Les b\u00e9n\u00e9fices du coaching \u00e0 distance\u200b<\/a>\n\t\t\t\t\t<\/div>\n\n\t\t\t\t\t<div id=\"elementor-tab-content-7786\" class=\"elementor-tab-content elementor-clearfix\" data-tab=\"6\" role=\"region\" aria-labelledby=\"elementor-tab-title-7786\"><p>A l&rsquo;\u00e8re d&rsquo;Internet et des r\u00e9seaux sociaux, le coaching \u00e0 distance par t\u00e9l\u00e9phone ou via skype ou autres outils de visio permet de r\u00e9duire les d\u00e9placements et de gagner du temps.\u00a0<\/p><p>Vous allez peut-\u00eatre me dire : \u00ab\u00a0mais o\u00f9 est la proximit\u00e9 avec le coach ?\u00a0\u00bb.\u00a0<\/p><p>La proximit\u00e9 peut se cr\u00e9er via des communications t\u00e9l\u00e9phoniques ou visio. A mon sens, la proximit\u00e9 passe par la communication et les attentions positives.\u00a0<\/p><p>De plus, beaucoup d&rsquo;informations passent dans l&rsquo;intonation de la voix.\u00a0<\/p><p>Je coache r\u00e9guli\u00e8rement via t\u00e9l\u00e9phone ou skype. J&rsquo;ai des retours tr\u00e8s positifs en gain de temps (cela \u00e9vite les temps de transport).\u00a0<\/p><\/div>\n\t\t\t\t<\/div>\n\t\t\t\t\t\t\t\t<\/div>\n\t\t\t\t<\/div>\n\t\t\t\t<\/div>\n\t\t\t\t\t<\/div>\n\t\t<\/div>\n\t\t\t\t\t<\/div>\n\t\t<\/section>\n\t\t\t\t\t<\/div>\n\t\t<\/div>\n\t\t\t\t\t<\/div>\n\t\t<\/section>\n\t\t\t\t<\/div>\n\t\t","protected":false},"excerpt":{"rendered":"<p>Vos principales questions &#8230; Qu&rsquo;est-ce que le coaching ?\u200b Avez-vous d\u00e9j\u00e0 renoncer \u00e0 faire quelque chose parce que vous vous \u00eates dit \u00ab\u00a0Je n\u2019en suis pas capable\u00a0\u00bb ?\u00a0Vous \u00eates-vous d\u00e9j\u00e0 senti mal \u00e0 l\u2019aise en entretien ou en r\u00e9union ? Avez-vous d\u00e9j\u00e0 eu des sueurs froides \u00e0 l\u2019id\u00e9e de prendre la parole en public ? [&hellip;]<\/p>\n","protected":false},"author":1,"featured_media":0,"parent":0,"menu_order":0,"comment_status":"closed","ping_status":"closed","template":"","meta":{"_seopress_robots_primary_cat":"","_seopress_titles_title":"A la d\u00e9couverte du coaching - Carr\u00e9ment Coaching","_seopress_titles_desc":"Qu&#039;est-ce que le coaching? Qu&#039;est-ce que n&#039;est pas le coaching? CLEEN? Le coaching, pour qui? Confidentialit\u00e9? B\u00e9n\u00e9fice du Coaching \u00e0 distance","_seopress_robots_index":"","_monsterinsights_skip_tracking":false,"_monsterinsights_sitenote_active":false,"_monsterinsights_sitenote_note":"","_monsterinsights_sitenote_category":0,"ocean_post_layout":"full-width","ocean_both_sidebars_style":"","ocean_both_sidebars_content_width":0,"ocean_both_sidebars_sidebars_width":0,"ocean_sidebar":"0","ocean_second_sidebar":"0","ocean_disable_margins":"enable","ocean_add_body_class":"","ocean_shortcode_before_top_bar":"","ocean_shortcode_after_top_bar":"","ocean_shortcode_before_header":"","ocean_shortcode_after_header":"","ocean_has_shortcode":"","ocean_shortcode_after_title":"","ocean_shortcode_before_footer_widgets":"","ocean_shortcode_after_footer_widgets":"","ocean_shortcode_before_footer_bottom":"","ocean_shortcode_after_footer_bottom":"","ocean_display_top_bar":"default","ocean_display_header":"default","ocean_header_style":"","ocean_center_header_left_menu":"0","ocean_custom_header_template":"0","ocean_custom_logo":0,"ocean_custom_retina_logo":0,"ocean_custom_logo_max_width":0,"ocean_custom_logo_tablet_max_width":0,"ocean_custom_logo_mobile_max_width":0,"ocean_custom_logo_max_height":0,"ocean_custom_logo_tablet_max_height":0,"ocean_custom_logo_mobile_max_height":0,"ocean_header_custom_menu":"0","ocean_menu_typo_font_family":"0","ocean_menu_typo_font_subset":"","ocean_menu_typo_font_size":0,"ocean_menu_typo_font_size_tablet":0,"ocean_menu_typo_font_size_mobile":0,"ocean_menu_typo_font_size_unit":"px","ocean_menu_typo_font_weight":"","ocean_menu_typo_font_weight_tablet":"","ocean_menu_typo_font_weight_mobile":"","ocean_menu_typo_transform":"","ocean_menu_typo_transform_tablet":"","ocean_menu_typo_transform_mobile":"","ocean_menu_typo_line_height":0,"ocean_menu_typo_line_height_tablet":0,"ocean_menu_typo_line_height_mobile":0,"ocean_menu_typo_line_height_unit":"","ocean_menu_typo_spacing":0,"ocean_menu_typo_spacing_tablet":0,"ocean_menu_typo_spacing_mobile":0,"ocean_menu_typo_spacing_unit":"","ocean_menu_link_color":"","ocean_menu_link_color_hover":"","ocean_menu_link_color_active":"","ocean_menu_link_background":"","ocean_menu_link_hover_background":"","ocean_menu_link_active_background":"","ocean_menu_social_links_bg":"","ocean_menu_social_hover_links_bg":"","ocean_menu_social_links_color":"","ocean_menu_social_hover_links_color":"","ocean_disable_title":"on","ocean_disable_heading":"default","ocean_post_title":"","ocean_post_subheading":"","ocean_post_title_style":"","ocean_post_title_background_color":"","ocean_post_title_background":0,"ocean_post_title_bg_image_position":"","ocean_post_title_bg_image_attachment":"","ocean_post_title_bg_image_repeat":"","ocean_post_title_bg_image_size":"","ocean_post_title_height":0,"ocean_post_title_bg_overlay":0.5,"ocean_post_title_bg_overlay_color":"","ocean_disable_breadcrumbs":"default","ocean_breadcrumbs_color":"","ocean_breadcrumbs_separator_color":"","ocean_breadcrumbs_links_color":"","ocean_breadcrumbs_links_hover_color":"","ocean_display_footer_widgets":"default","ocean_display_footer_bottom":"default","ocean_custom_footer_template":"0","footnotes":""},"class_list":["post-981","page","type-page","status-publish","hentry","entry"],"_links":{"self":[{"href":"https:\/\/carrementcoaching.fr\/index.php\/wp-json\/wp\/v2\/pages\/981"}],"collection":[{"href":"https:\/\/carrementcoaching.fr\/index.php\/wp-json\/wp\/v2\/pages"}],"about":[{"href":"https:\/\/carrementcoaching.fr\/index.php\/wp-json\/wp\/v2\/types\/page"}],"author":[{"embeddable":true,"href":"https:\/\/carrementcoaching.fr\/index.php\/wp-json\/wp\/v2\/users\/1"}],"replies":[{"embeddable":true,"href":"https:\/\/carrementcoaching.fr\/index.php\/wp-json\/wp\/v2\/comments?post=981"}],"version-history":[{"count":100,"href":"https:\/\/carrementcoaching.fr\/index.php\/wp-json\/wp\/v2\/pages\/981\/revisions"}],"predecessor-version":[{"id":1617,"href":"https:\/\/carrementcoaching.fr\/index.php\/wp-json\/wp\/v2\/pages\/981\/revisions\/1617"}],"wp:attachment":[{"href":"https:\/\/carrementcoaching.fr\/index.php\/wp-json\/wp\/v2\/media?parent=981"}],"curies":[{"name":"wp","href":"https:\/\/api.w.org\/{rel}","templated":true}]}}